{"id":39,"date":"2025-10-21T17:38:00","date_gmt":"2025-10-21T17:38:00","guid":{"rendered":"https:\/\/afmg.online\/?page_id=39"},"modified":"2025-10-27T20:47:54","modified_gmt":"2025-10-27T20:47:54","slug":"liens","status":"publish","type":"page","link":"https:\/\/afmg.online\/index.php\/liens\/","title":{"rendered":"Liens"},"content":{"rendered":"\n<p><\/p>\n\n\n\n<div style=\"height:20px\" aria-hidden=\"true\" class=\"wp-block-spacer\"><\/div>\n\n\n\n<p><\/p>\n\n\n\n<p class=\"has-medium-font-size\">Soci\u00e9t\u00e9 Balint : <a href=\"https:\/\/www.balint-smb-france.org\/\"><u>https:\/\/www.balint-smb-france.org<\/u><\/a><\/p>\n\n\n\n<div style=\"height:15px\" aria-hidden=\"true\" class=\"wp-block-spacer\"><\/div>\n\n\n\n<p class=\"has-medium-font-size\">Coll\u00e8ge de la m\u00e9decine g\u00e9n\u00e9rale &nbsp;: <a href=\"https:\/\/www.cmg.fr\/\">https:\/\/www.cmg.fr<\/a><\/p>\n\n\n\n<div style=\"height:15px\" aria-hidden=\"true\" class=\"wp-block-spacer\"><\/div>\n\n\n\n<p class=\"has-medium-font-size\">Coll\u00e8ge National des G\u00e9n\u00e9raliste Enseignants : <a href=\"https:\/\/www.cnge.fr\/\">https:\/\/www.cnge.fr<\/a><\/p>\n\n\n\n<div style=\"height:15px\" aria-hidden=\"true\" class=\"wp-block-spacer\"><\/div>\n\n\n\n<p class=\"has-medium-font-size\">SFTG : <a href=\"http:\/\/www.sftg.eu\"><u>https:\/\/www.sftg.eu<\/u><\/a><\/p>\n\n\n\n<p><\/p>\n","protected":false},"excerpt":{"rendered":"<p>Soci\u00e9t\u00e9 Balint : https:\/\/www.balint-smb-france.org Coll\u00e8ge de la m\u00e9decine g\u00e9n\u00e9rale &nbsp;: https:\/\/www.cmg.fr Coll\u00e8ge National des G\u00e9n\u00e9raliste Enseignants : https:\/\/www.cnge.fr SFTG : https:\/\/www.sftg.eu<\/p>\n","protected":false},"author":2,"featured_media":0,"parent":0,"menu_order":0,"comment_status":"closed","ping_status":"closed","template":"","meta":{"_EventAllDay":false,"_EventTimezone":"","_EventStartDate":"","_EventEndDate":"","_EventStartDateUTC":"","_EventEndDateUTC":"","_EventShowMap":false,"_EventShowMapLink":false,"_EventURL":"","_EventCost":"","_EventCostDescription":"","_EventCurrencySymbol":"","_EventCurrencyCode":"","_EventCurrencyPosition":"","_EventDateTimeSeparator":"","_EventTimeRangeSeparator":"","_EventOrganizerID":[],"_EventVenueID":[],"_OrganizerEmail":"","_OrganizerPhone":"","_OrganizerWebsite":"","_VenueAddress":"","_VenueCity":"","_VenueCountry":"","_VenueProvince":"","_VenueState":"","_VenueZip":"","_VenuePhone":"","_VenueURL":"","_VenueStateProvince":"","_VenueLat":"","_VenueLng":"","_VenueShowMap":false,"_VenueShowMapLink":false,"footnotes":""},"class_list":["post-39","page","type-page","status-publish","hentry"],"_links":{"self":[{"href":"https:\/\/afmg.online\/index.php\/wp-json\/wp\/v2\/pages\/39","targetHints":{"allow":["GET"]}}],"collection":[{"href":"https:\/\/afmg.online\/index.php\/wp-json\/wp\/v2\/pages"}],"about":[{"href":"https:\/\/afmg.online\/index.php\/wp-json\/wp\/v2\/types\/page"}],"author":[{"embeddable":true,"href":"https:\/\/afmg.online\/index.php\/wp-json\/wp\/v2\/users\/2"}],"replies":[{"embeddable":true,"href":"https:\/\/afmg.online\/index.php\/wp-json\/wp\/v2\/comments?post=39"}],"version-history":[{"count":12,"href":"https:\/\/afmg.online\/index.php\/wp-json\/wp\/v2\/pages\/39\/revisions"}],"predecessor-version":[{"id":231,"href":"https:\/\/afmg.online\/index.php\/wp-json\/wp\/v2\/pages\/39\/revisions\/231"}],"wp:attachment":[{"href":"https:\/\/afmg.online\/index.php\/wp-json\/wp\/v2\/media?parent=39"}],"curies":[{"name":"wp","href":"https:\/\/api.w.org\/{rel}","templated":true}]}}