{"id":3,"date":"2025-10-12T15:53:23","date_gmt":"2025-10-12T15:53:23","guid":{"rendered":"http:\/\/afmg.online\/?page_id=3"},"modified":"2025-11-02T09:02:34","modified_gmt":"2025-11-02T08:02:34","slug":"privacy-policy","status":"publish","type":"page","link":"https:\/\/afmg.online\/index.php\/privacy-policy\/","title":{"rendered":"Mentions l\u00e9gales &#038; politique de confidentialit\u00e9"},"content":{"rendered":"\n<div style=\"height:49px\" aria-hidden=\"true\" class=\"wp-block-spacer\"><\/div>\n\n\n\n<p class=\"has-medium-font-size\">La connexion et la navigation sur www.afmg.online par l&rsquo;utilisateur implique l&rsquo;acceptation int\u00e9grale et sans r\u00e9serve des mentions suivantes.<\/p>\n\n\n\n<div style=\"height:49px\" aria-hidden=\"true\" class=\"wp-block-spacer\"><\/div>\n\n\n\n<h2 class=\"wp-block-heading has-x-large-font-size\">I &#8211; Mentions l\u00e9gales<\/h2>\n\n\n\n<div style=\"height:29px\" aria-hidden=\"true\" class=\"wp-block-spacer\"><\/div>\n\n\n\n<p class=\"has-medium-font-size\">L&rsquo;\u00e9dition du site est assur\u00e9e par l&rsquo;association loi 1901 \u00ab\u00a0Atelier Fran\u00e7ais de M\u00e9decine G\u00e9n\u00e9rale\u00a0\u00bb.<\/p>\n\n\n\n<p class=\"has-medium-font-size\">Les responsables de la publication peuvent \u00eatre joints via la page \u00ab\u00a0nous contacter\u00a0\u00bb.<\/p>\n\n\n\n<p class=\"has-medium-font-size\">L&rsquo;h\u00e9bergeur du site est <strong>OVH <\/strong>dont le si\u00e8ge social est situ\u00e9 au <strong>2&nbsp;rue&nbsp;Kellermann&nbsp;&#8211;&nbsp;59100&nbsp;Roubaix<\/strong>.<\/p>\n\n\n\n<p class=\"has-medium-font-size\">Le site est accessible en tout endroit, 7j\/7, 24h\/24 sauf cas de force majeure, interruption programm\u00e9e ou non et pouvant d\u00e9couler d&rsquo;une n\u00e9cessit\u00e9 de maintenance.<\/p>\n\n\n\n<div style=\"height:35px\" aria-hidden=\"true\" class=\"wp-block-spacer\"><\/div>\n\n\n\n<p class=\"has-medium-font-size\">En cas de modification, interruption ou suspension du site de fa\u00e7on ind\u00e9pendante de la volont\u00e9 du Webmaster (incident technique, acte malveillant, etc), le Webmaster et l&rsquo;Atelier Fran\u00e7ais de M\u00e9decine G\u00e9n\u00e9rale ne sauraient \u00eatre tenus pour responsables.<\/p>\n\n\n\n<p class=\"has-medium-font-size\">Except\u00e9 les diff\u00e9rents composants utilis\u00e9s pour la mise en page, tout le contenu de ce site (liste non exhaustive : texte, photos, vid\u00e9os) est prot\u00e9g\u00e9 par copyright. Toute utilisation de nos contenus ne respectant pas cette licence est prohib\u00e9e et entrainera des actions et poursuites judiciaires.<\/p>\n\n\n\n<div style=\"height:50px\" aria-hidden=\"true\" class=\"wp-block-spacer\"><\/div>\n\n\n\n<h2 class=\"wp-block-heading\">II &#8211; Politique de confidentialit\u00e9<\/h2>\n\n\n\n<div style=\"height:29px\" aria-hidden=\"true\" class=\"wp-block-spacer\"><\/div>\n\n\n\n<p class=\"has-medium-font-size\">Le site assure \u00e0 l&rsquo;utilisateur une collecte et un traitement d&rsquo;informations personnelles dans le respect de la vie priv\u00e9e conform\u00e9ment \u00e0 la loi n\u00b078-17 du 6 janvier 1978 relative \u00e0 l&rsquo;informatique, aux fichiers et aux libert\u00e9s.<\/p>\n\n\n\n<p class=\"has-medium-font-size\">Le site assure une possibilit\u00e9 de connexion aux utilisateurs inscrits. En se connectant, l&rsquo;utilisateur accepte l&rsquo;utilisation des cookies n\u00e9cessaires au bon fonctionnement de cette connexion.<\/p>\n\n\n\n<p class=\"has-medium-font-size\">Dans le cas o\u00f9 le visiteur aurait contact\u00e9 le Pr\u00e9sident de l&rsquo;association ou le Webmaster, le visiteur dispose ensuite d&rsquo;un droit d&rsquo;acc\u00e8s, de rectification, de suppression et d&rsquo;opposition des donn\u00e9es qu&rsquo;il aurait communiqu\u00e9.<\/p>\n","protected":false},"excerpt":{"rendered":"<p>La connexion et la navigation sur www.afmg.online par l&rsquo;utilisateur implique l&rsquo;acceptation int\u00e9grale et sans r\u00e9serve des mentions suivantes. I &#8211; Mentions l\u00e9gales L&rsquo;\u00e9dition du site est assur\u00e9e par l&rsquo;association loi [&hellip;]<\/p>\n","protected":false},"author":1,"featured_media":0,"parent":0,"menu_order":0,"comment_status":"closed","ping_status":"closed","template":"","meta":{"_EventAllDay":false,"_EventTimezone":"","_EventStartDate":"","_EventEndDate":"","_EventStartDateUTC":"","_EventEndDateUTC":"","_EventShowMap":false,"_EventShowMapLink":false,"_EventURL":"","_EventCost":"","_EventCostDescription":"","_EventCurrencySymbol":"","_EventCurrencyCode":"","_EventCurrencyPosition":"","_EventDateTimeSeparator":"","_EventTimeRangeSeparator":"","_EventOrganizerID":[],"_EventVenueID":[],"_OrganizerEmail":"","_OrganizerPhone":"","_OrganizerWebsite":"","_VenueAddress":"","_VenueCity":"","_VenueCountry":"","_VenueProvince":"","_VenueState":"","_VenueZip":"","_VenuePhone":"","_VenueURL":"","_VenueStateProvince":"","_VenueLat":"","_VenueLng":"","_VenueShowMap":false,"_VenueShowMapLink":false,"footnotes":""},"class_list":["post-3","page","type-page","status-publish","hentry"],"_links":{"self":[{"href":"https:\/\/afmg.online\/index.php\/wp-json\/wp\/v2\/pages\/3","targetHints":{"allow":["GET"]}}],"collection":[{"href":"https:\/\/afmg.online\/index.php\/wp-json\/wp\/v2\/pages"}],"about":[{"href":"https:\/\/afmg.online\/index.php\/wp-json\/wp\/v2\/types\/page"}],"author":[{"embeddable":true,"href":"https:\/\/afmg.online\/index.php\/wp-json\/wp\/v2\/users\/1"}],"replies":[{"embeddable":true,"href":"https:\/\/afmg.online\/index.php\/wp-json\/wp\/v2\/comments?post=3"}],"version-history":[{"count":8,"href":"https:\/\/afmg.online\/index.php\/wp-json\/wp\/v2\/pages\/3\/revisions"}],"predecessor-version":[{"id":634,"href":"https:\/\/afmg.online\/index.php\/wp-json\/wp\/v2\/pages\/3\/revisions\/634"}],"wp:attachment":[{"href":"https:\/\/afmg.online\/index.php\/wp-json\/wp\/v2\/media?parent=3"}],"curies":[{"name":"wp","href":"https:\/\/api.w.org\/{rel}","templated":true}]}}