{"id":194,"date":"2025-10-24T21:47:43","date_gmt":"2025-10-24T21:47:43","guid":{"rendered":"https:\/\/afmg.online\/?page_id=194"},"modified":"2025-11-16T15:04:36","modified_gmt":"2025-11-16T14:04:36","slug":"bulletins-en-acces-prives","status":"publish","type":"page","link":"https:\/\/afmg.online\/index.php\/bulletins-en-acces-prives\/","title":{"rendered":"Bulletins en acc\u00e8s priv\u00e9"},"content":{"rendered":"\n<div style=\"height:39px\" aria-hidden=\"true\" class=\"wp-block-spacer\"><\/div>\n\n\n\n<p class=\"has-medium-font-size\">L&rsquo;acc\u00e8s aux bulletins est prot\u00e9g\u00e9 par mot de passe &#8211; <a href=\"https:\/\/afmg.online\/index.php\/nous-contacter\/\" data-type=\"page\" data-id=\"26\">veuillez contacter l&rsquo;administrateur pour le demander<\/a>.<\/p>\n\n\n\n<p class=\"has-medium-font-size\">Les articles sont \u00e9galement regroup\u00e9s par auteur \/ autrice et sont accessibles via la <a href=\"https:\/\/afmg.online\/index.php\/liste-auteurs\/\" data-type=\"page\" data-id=\"359\">liste des auteurs<\/a>.<\/p>\n\n\n\n<hr class=\"wp-block-separator has-alpha-channel-opacity is-style-dots\"\/>\n\n\n\n<h2 class=\"wp-block-heading\">Liste des bulletins<\/h2>\n\n\n\n<hr class=\"wp-block-separator has-alpha-channel-opacity is-style-dots\"\/>\n\n\n\n<ul class=\"wp-block-list\">\n<li class=\"has-medium-font-size\">N\u00b01 &#8211; <a href=\"https:\/\/afmg.online\/wp-content\/uploads\/2025\/11\/AFMG-01.pdf\" data-type=\"attachment\" data-id=\"167\">Atelier Fran\u00e7ais de M\u00e9decine G\u00e9n\u00e9rale n\u00b01<\/a><\/li>\n\n\n\n<li class=\"has-medium-font-size\">N\u00b02 &#8211; <a href=\"https:\/\/afmg.online\/wp-content\/uploads\/2025\/11\/AFMG-02.pdf\" data-type=\"attachment\" data-id=\"165\">Atelier Fran\u00e7ais de M\u00e9decine G\u00e9n\u00e9rale n\u00b02<\/a><\/li>\n\n\n\n<li class=\"has-medium-font-size\">N\u00b03 &#8211; <a href=\"https:\/\/afmg.online\/wp-content\/uploads\/2025\/11\/AFMG-03.pdf\" data-type=\"attachment\" data-id=\"166\">Atelier Fran\u00e7ais de M\u00e9decine G\u00e9n\u00e9rale n\u00b03<\/a><\/li>\n\n\n\n<li class=\"has-medium-font-size\">N\u00b04 &#8211; <a href=\"https:\/\/afmg.online\/wp-content\/uploads\/2025\/11\/AFMG-04.pdf\" data-type=\"attachment\" data-id=\"163\">Atelier Fran\u00e7ais de M\u00e9decine G\u00e9n\u00e9rale n\u00b04<\/a><\/li>\n\n\n\n<li class=\"has-medium-font-size\">N\u00b05 &#8211; <a href=\"https:\/\/afmg.online\/wp-content\/uploads\/2025\/11\/AFMG-05.pdf\" data-type=\"attachment\" data-id=\"161\">Atelier Fran\u00e7ais de M\u00e9decine G\u00e9n\u00e9rale n\u00b05<\/a><\/li>\n\n\n\n<li class=\"has-medium-font-size\">N\u00b06 &#8211; <a href=\"https:\/\/afmg.online\/wp-content\/uploads\/2025\/11\/AFMG-06.pdf\" data-type=\"attachment\" data-id=\"162\">Apparition et disparition du sympt\u00f4me en m\u00e9decine de Famille<\/a><\/li>\n\n\n\n<li class=\"has-medium-font-size\">N\u00b07 &#8211; <a href=\"https:\/\/afmg.online\/wp-content\/uploads\/2025\/11\/AFMG-07.pdf\" data-type=\"attachment\" data-id=\"159\">6\u00e8me journ\u00e9e de communication de l&rsquo;Atelier<\/a><\/li>\n\n\n\n<li class=\"has-medium-font-size\">N\u00b08 &#8211; <a href=\"https:\/\/afmg.online\/wp-content\/uploads\/2025\/11\/AFMG-08.pdf\" data-type=\"attachment\" data-id=\"158\">5\u00e8me s\u00e9minaire national de p\u00e9dagogie<\/a><\/li>\n\n\n\n<li class=\"has-medium-font-size\">N\u00b09 &#8211; <a href=\"https:\/\/afmg.online\/wp-content\/uploads\/2025\/11\/AFMG-09.pdf\" data-type=\"attachment\" data-id=\"164\">7\u00e8me journ\u00e9e de communication de l&rsquo;Atelier<\/a><\/li>\n\n\n\n<li class=\"has-medium-font-size\">N\u00b010 &#8211; <a href=\"https:\/\/afmg.online\/wp-content\/uploads\/2025\/11\/AFMG-10.pdf\" data-type=\"attachment\" data-id=\"160\">6\u00e8me s\u00e9minaire national de p\u00e9dagogie<\/a><\/li>\n\n\n\n<li class=\"has-medium-font-size\">N\u00b011 &#8211; <a href=\"https:\/\/afmg.online\/wp-content\/uploads\/2025\/11\/AFMG-11.pdf\" data-type=\"attachment\" data-id=\"152\">8\u00e8me journ\u00e9e de communication de l&rsquo;Atelier<\/a><\/li>\n\n\n\n<li class=\"has-medium-font-size\">N\u00b012 &#8211; <a href=\"https:\/\/afmg.online\/wp-content\/uploads\/2025\/11\/AFMG-12.pdf\" data-type=\"attachment\" data-id=\"153\">7\u00e8me s\u00e9minaire national de p\u00e9dagogie<\/a><\/li>\n\n\n\n<li class=\"has-medium-font-size\">N\u00b013 &#8211; <a href=\"https:\/\/afmg.online\/wp-content\/uploads\/2025\/11\/AFMG-13.pdf\" data-type=\"attachment\" data-id=\"156\">La psychoth\u00e9rapie sp\u00e9cifique du m\u00e9decin g\u00e9n\u00e9raliste<\/a><\/li>\n\n\n\n<li class=\"has-medium-font-size\">N\u00b014 &#8211; <a href=\"https:\/\/afmg.online\/wp-content\/uploads\/2025\/11\/AFMG-14.pdf\" data-type=\"attachment\" data-id=\"157\">8\u00e8me s\u00e9minaire national de p\u00e9dagogie<\/a><\/li>\n\n\n\n<li class=\"has-medium-font-size\">N\u00b015 &#8211; <a href=\"https:\/\/afmg.online\/wp-content\/uploads\/2025\/11\/AFMG-15.pdf\" data-type=\"attachment\" data-id=\"154\">Le temps dans la pratique du m\u00e9decin de famille<\/a><\/li>\n\n\n\n<li class=\"has-medium-font-size\">N\u00b016 &#8211; <a href=\"https:\/\/afmg.online\/wp-content\/uploads\/2025\/11\/AFMG-16.pdf\" data-type=\"attachment\" data-id=\"150\">La visite<\/a><\/li>\n\n\n\n<li class=\"has-medium-font-size\">N\u00b017 &#8211; <a href=\"https:\/\/afmg.online\/wp-content\/uploads\/2025\/11\/AFMG-17.pdf\" data-type=\"attachment\" data-id=\"147\">Maladie et Famille<\/a><\/li>\n\n\n\n<li class=\"has-medium-font-size\">N\u00b018 &#8211; <a href=\"https:\/\/afmg.online\/wp-content\/uploads\/2025\/11\/AFMG-18.pdf\" data-type=\"attachment\" data-id=\"151\">L&rsquo;ordonnance<\/a><\/li>\n\n\n\n<li class=\"has-medium-font-size\">N\u00b019 &#8211; <a href=\"https:\/\/afmg.online\/wp-content\/uploads\/2025\/11\/AFMG-19.pdf\" data-type=\"attachment\" data-id=\"149\">L&rsquo;\u00e9chec<\/a><\/li>\n\n\n\n<li class=\"has-medium-font-size\">N\u00b020 &#8211; <a href=\"https:\/\/afmg.online\/wp-content\/uploads\/2025\/11\/AFMG-20.pdf\" data-type=\"attachment\" data-id=\"164\">Le g\u00e9n\u00e9raliste et les cultures diff\u00e9rentes<\/a><\/li>\n\n\n\n<li class=\"has-medium-font-size\">N\u00b021 &#8211; <a href=\"https:\/\/afmg.online\/wp-content\/uploads\/2025\/11\/AFMG-21.pdf\" data-type=\"attachment\" data-id=\"143\">Le g\u00e9n\u00e9raliste et les couples<\/a><\/li>\n\n\n\n<li class=\"has-medium-font-size\">N\u00b022 &#8211; <a href=\"https:\/\/afmg.online\/wp-content\/uploads\/2025\/11\/AFMG-22.pdf\" data-type=\"attachment\" data-id=\"148\">Les examens compl\u00e9mentaires<\/a><\/li>\n\n\n\n<li class=\"has-medium-font-size\">N\u00b023 &#8211; <a href=\"https:\/\/afmg.online\/wp-content\/uploads\/2025\/11\/AFMG-23.pdf\" data-type=\"attachment\" data-id=\"144\">Le Changement<\/a><\/li>\n\n\n\n<li class=\"has-medium-font-size\">N\u00b024 &#8211; <a href=\"https:\/\/afmg.online\/wp-content\/uploads\/2025\/11\/AFMG-24.pdf\" data-type=\"attachment\" data-id=\"145\">\u00c9coute et suivi du malade allergique en m\u00e9decine g\u00e9n\u00e9rale<\/a><\/li>\n\n\n\n<li class=\"has-medium-font-size\">N\u00b025 &#8211; <a href=\"https:\/\/afmg.online\/wp-content\/uploads\/2025\/11\/AFMG-25.pdf\" data-type=\"attachment\" data-id=\"214\">Situations difficiles, situations limites en m\u00e9decine de famille<\/a><\/li>\n\n\n\n<li class=\"has-medium-font-size\">N\u00b026 &#8211; <a href=\"https:\/\/afmg.online\/wp-content\/uploads\/2025\/11\/AFMG-26.pdf\" data-type=\"attachment\" data-id=\"139\">Situations difficiles, situations limites en m\u00e9decine de famille (2)<\/a><\/li>\n\n\n\n<li class=\"has-medium-font-size\">N\u00b027 &#8211; <a href=\"https:\/\/afmg.online\/wp-content\/uploads\/2025\/11\/AFMG-27.pdf\" data-type=\"attachment\" data-id=\"141\">L&rsquo;entourage<\/a><\/li>\n\n\n\n<li class=\"has-medium-font-size\">N\u00b028 &#8211; <a href=\"https:\/\/afmg.online\/wp-content\/uploads\/2025\/11\/AFMG-28.pdf\" data-type=\"attachment\" data-id=\"138\">La d\u00e9pendance<\/a><\/li>\n\n\n\n<li class=\"has-medium-font-size\">N\u00b029 &#8211; <a href=\"https:\/\/afmg.online\/wp-content\/uploads\/2025\/11\/AFMG-29.pdf\" data-type=\"attachment\" data-id=\"135\">Abord psychosomatique des lombalgies<\/a><\/li>\n\n\n\n<li class=\"has-medium-font-size\">N\u00b030 &#8211; <a href=\"https:\/\/afmg.online\/wp-content\/uploads\/2025\/11\/AFMG-30.pdf\" data-type=\"attachment\" data-id=\"131\">L&rsquo;adolescent<\/a><\/li>\n\n\n\n<li class=\"has-medium-font-size\">N\u00b031 &#8211; <a href=\"https:\/\/afmg.online\/wp-content\/uploads\/2025\/11\/AFMG-31.pdf\" data-type=\"attachment\" data-id=\"132\">Le sujet \u00e0 risque<\/a><\/li>\n\n\n\n<li class=\"has-medium-font-size\">N\u00b032 &#8211; <a href=\"https:\/\/afmg.online\/wp-content\/uploads\/2025\/11\/AFMG-32.pdf\" data-type=\"attachment\" data-id=\"126\">Les surprises de la clinique<\/a><\/li>\n\n\n\n<li class=\"has-medium-font-size\">N\u00b033 &#8211; <a href=\"https:\/\/afmg.online\/wp-content\/uploads\/2025\/11\/AFMG-33.pdf\" data-type=\"attachment\" data-id=\"128\">La d\u00e9signation en m\u00e9decine g\u00e9n\u00e9rale<\/a><\/li>\n\n\n\n<li class=\"has-medium-font-size\">N\u00b034 &#8211; <a href=\"https:\/\/afmg.online\/wp-content\/uploads\/2025\/11\/AFMG-34.pdf\" data-type=\"attachment\" data-id=\"136\">L&rsquo;enfant en m\u00e9decine g\u00e9n\u00e9rale<\/a><\/li>\n\n\n\n<li class=\"has-medium-font-size\">N\u00b035 &#8211; <a href=\"https:\/\/afmg.online\/wp-content\/uploads\/2025\/11\/AFMG-35.pdf\" data-type=\"attachment\" data-id=\"130\">Le secret<\/a><\/li>\n\n\n\n<li class=\"has-medium-font-size\">N\u00b036 &#8211; <a href=\"https:\/\/afmg.online\/wp-content\/uploads\/2025\/11\/AFMG-36.pdf\" data-type=\"attachment\" data-id=\"137\">La r\u00e9paration<\/a><\/li>\n\n\n\n<li class=\"has-medium-font-size\">N\u00b037 &#8211; <a href=\"https:\/\/afmg.online\/wp-content\/uploads\/2025\/11\/AFMG-37.pdf\" data-type=\"attachment\" data-id=\"133\">St\u00e9rilit\u00e9 \/ f\u00e9condit\u00e9<\/a><\/li>\n\n\n\n<li class=\"has-medium-font-size\">N\u00b038 &#8211; <a href=\"https:\/\/afmg.online\/wp-content\/uploads\/2025\/11\/AFMG-38.pdf\" data-type=\"attachment\" data-id=\"129\">La d\u00e9pression<\/a><\/li>\n\n\n\n<li class=\"has-medium-font-size\">N\u00b039 &#8211; <a href=\"https:\/\/afmg.online\/wp-content\/uploads\/2025\/11\/AFMG-39.pdf\" data-type=\"attachment\" data-id=\"127\">La distance<\/a><\/li>\n\n\n\n<li class=\"has-medium-font-size\">N\u00b040 &#8211; <a href=\"https:\/\/afmg.online\/wp-content\/uploads\/2025\/11\/AFMG-40.pdf\" data-type=\"attachment\" data-id=\"124\">R\u00e9gulations et dysr\u00e9gulations endocriniennes<\/a><\/li>\n\n\n\n<li class=\"has-medium-font-size\">N\u00b041 &#8211; <a href=\"https:\/\/afmg.online\/wp-content\/uploads\/2025\/11\/AFMG-41.pdf\" data-type=\"attachment\" data-id=\"125\">La demande<\/a><\/li>\n\n\n\n<li class=\"has-medium-font-size\">N\u00b042 &#8211; <a href=\"https:\/\/afmg.online\/wp-content\/uploads\/2025\/11\/AFMG-42.pdf\" data-type=\"attachment\" data-id=\"123\">Les douleurs chroniques<\/a><\/li>\n\n\n\n<li class=\"has-medium-font-size\">N\u00b043 &#8211; <a href=\"https:\/\/afmg.online\/wp-content\/uploads\/2025\/11\/AFMG-43.pdf\" data-type=\"attachment\" data-id=\"121\">Les malades de l&rsquo;alcool<\/a><\/li>\n\n\n\n<li class=\"has-medium-font-size\">N\u00b044 &#8211; <a href=\"https:\/\/afmg.online\/wp-content\/uploads\/2025\/11\/AFMG-44.pdf\" data-type=\"attachment\" data-id=\"155\">La psychoth\u00e9rapie sp\u00e9cifique du m\u00e9decin de famille<\/a><\/li>\n\n\n\n<li class=\"has-medium-font-size\">N\u00b045 &#8211; <a href=\"https:\/\/afmg.online\/wp-content\/uploads\/2025\/11\/AFMG-45.pdf\" data-type=\"attachment\" data-id=\"119\">L&rsquo;abord psychosomatique de l&rsquo;asthme<\/a><\/li>\n\n\n\n<li class=\"has-medium-font-size\">N\u00b046 &#8211; <a href=\"https:\/\/afmg.online\/wp-content\/uploads\/2025\/11\/AFMG-46.pdf\" data-type=\"attachment\" data-id=\"134\">Le Suivi des Psychoses en pratique quotidienne<\/a><\/li>\n\n\n\n<li class=\"has-medium-font-size\">N\u00b047 &#8211; <a href=\"https:\/\/afmg.online\/wp-content\/uploads\/2025\/11\/AFMG-47.pdf\" data-type=\"attachment\" data-id=\"146\">La psycho-pathologie du travail<\/a><\/li>\n\n\n\n<li class=\"has-medium-font-size\">N\u00b048 &#8211; <a href=\"https:\/\/afmg.online\/wp-content\/uploads\/2025\/11\/AFMG-48.pdf\" data-type=\"attachment\" data-id=\"107\">La peau<\/a><\/li>\n\n\n\n<li class=\"has-medium-font-size\">N\u00b049 &#8211; <a href=\"https:\/\/afmg.online\/wp-content\/uploads\/2025\/11\/AFMG-49.pdf\" data-type=\"attachment\" data-id=\"106\">La grossesse<\/a><\/li>\n\n\n\n<li class=\"has-medium-font-size\">N\u00b050 &#8211; <a href=\"https:\/\/afmg.online\/wp-content\/uploads\/2025\/11\/AFMG-50.pdf\" data-type=\"attachment\" data-id=\"116\">L&rsquo;identit\u00e9 sexuelle<\/a><\/li>\n\n\n\n<li class=\"has-medium-font-size\">N\u00b051 &#8211; <a href=\"https:\/\/afmg.online\/wp-content\/uploads\/2025\/11\/AFMG-51.pdf\" data-type=\"attachment\" data-id=\"105\">Le diab\u00e8te et ses avatars<\/a><\/li>\n\n\n\n<li class=\"has-medium-font-size\">N\u00b052 &#8211; <a href=\"https:\/\/afmg.online\/wp-content\/uploads\/2025\/11\/AFMG-52.pdf\" data-type=\"attachment\" data-id=\"104\">La r\u00e9gression<\/a><\/li>\n\n\n\n<li class=\"has-medium-font-size\">N\u00b053 &#8211; <a href=\"https:\/\/afmg.online\/wp-content\/uploads\/2025\/11\/AFMG-53.pdf\" data-type=\"attachment\" data-id=\"103\">L&rsquo;enfant de tous les jours, ou les trois premi\u00e8res ann\u00e9es durent toute la vie<\/a><\/li>\n\n\n\n<li class=\"has-medium-font-size\">N\u00b054 &#8211; <a href=\"https:\/\/afmg.online\/wp-content\/uploads\/2025\/11\/AFMG-54.pdf\" data-type=\"attachment\" data-id=\"102\">La Col\u00e8re : obstacle ou aide au diagnostic ?<\/a><\/li>\n\n\n\n<li class=\"has-medium-font-size\">N\u00b055 &#8211; <a href=\"https:\/\/afmg.online\/wp-content\/uploads\/2025\/11\/AFMG-55.pdf\" data-type=\"attachment\" data-id=\"101\">Le c\u0153ur malade<\/a><\/li>\n\n\n\n<li class=\"has-medium-font-size\">N\u00b056 &#8211; <a href=\"https:\/\/afmg.online\/wp-content\/uploads\/2025\/11\/AFMG-56.pdf\" data-type=\"attachment\" data-id=\"118\">Compassion ou empathie ?<\/a><\/li>\n\n\n\n<li class=\"has-medium-font-size\">N\u00b057 &#8211; <a href=\"https:\/\/afmg.online\/wp-content\/uploads\/2025\/11\/AFMG-57.pdf\" data-type=\"attachment\" data-id=\"122\">Auto-anticorps : ennemis de l&rsquo;int\u00e9rieur ?<\/a><\/li>\n\n\n\n<li class=\"has-medium-font-size\">N\u00b058 &#8211; <a href=\"https:\/\/afmg.online\/wp-content\/uploads\/2025\/11\/AFMG-58.pdf\" data-type=\"attachment\" data-id=\"100\">L&rsquo;intrusion<\/a><\/li>\n\n\n\n<li class=\"has-medium-font-size\">N\u00b059 &#8211; <a href=\"https:\/\/afmg.online\/wp-content\/uploads\/2025\/11\/AFMG-59.pdf\" data-type=\"attachment\" data-id=\"120\">L&rsquo;histoire familiale<\/a><\/li>\n\n\n\n<li class=\"has-medium-font-size\">N\u00b060 &#8211; <a href=\"https:\/\/afmg.online\/wp-content\/uploads\/2025\/11\/AFMG-60.pdf\" data-type=\"attachment\" data-id=\"114\">Les pathologies post-traumatiques<\/a><\/li>\n\n\n\n<li class=\"has-medium-font-size\">N\u00b061 &#8211; <a href=\"https:\/\/afmg.online\/wp-content\/uploads\/2025\/11\/AFMG-61.pdf\" data-type=\"attachment\" data-id=\"112\">La peur<\/a><\/li>\n\n\n\n<li class=\"has-medium-font-size\">N\u00b062 &#8211; <a href=\"https:\/\/afmg.online\/wp-content\/uploads\/2025\/11\/AFMG-62.pdf\" data-type=\"attachment\" data-id=\"113\">La naissance<\/a><\/li>\n\n\n\n<li class=\"has-medium-font-size\">N\u00b063 &#8211; <a href=\"https:\/\/afmg.online\/wp-content\/uploads\/2025\/11\/AFMG-63.pdf\" data-type=\"attachment\" data-id=\"117\">Adresser ou ne pas adresser<\/a><\/li>\n\n\n\n<li class=\"has-medium-font-size\">N\u00b064 &#8211; <a href=\"https:\/\/afmg.online\/wp-content\/uploads\/2025\/11\/AFMG-64.pdf\" data-type=\"attachment\" data-id=\"115\">Les maladies h\u00e9r\u00e9ditaires<\/a><\/li>\n\n\n\n<li class=\"has-medium-font-size\">N\u00b065 &#8211; <a href=\"https:\/\/afmg.online\/wp-content\/uploads\/2025\/11\/AFMG-65.pdf\" data-type=\"attachment\" data-id=\"109\">L&rsquo;argent et la relation th\u00e9rapeutique<\/a><\/li>\n\n\n\n<li class=\"has-medium-font-size\">N\u00b066 &#8211; <a href=\"https:\/\/afmg.online\/wp-content\/uploads\/2025\/11\/AFMG-66.pdf\" data-type=\"attachment\" data-id=\"99\">Les troubles du comportement alimentaire<\/a><\/li>\n\n\n\n<li class=\"has-medium-font-size\">N\u00b067 &#8211; <a href=\"https:\/\/afmg.online\/wp-content\/uploads\/2025\/11\/AFMG-67.pdf\" data-type=\"attachment\" data-id=\"110\">Les troubles g\u00e9nitaux-urinaires<\/a><\/li>\n\n\n\n<li class=\"has-medium-font-size\">N\u00b068 &#8211; <a href=\"https:\/\/afmg.online\/wp-content\/uploads\/2025\/11\/AFMG-68.pdf\" data-type=\"attachment\" data-id=\"108\">Les erreurs m\u00e9dicales<\/a><\/li>\n\n\n\n<li class=\"has-medium-font-size\">N\u00b069 &#8211; <a href=\"https:\/\/afmg.online\/wp-content\/uploads\/2025\/11\/AFMG-69.pdf\" data-type=\"attachment\" data-id=\"111\">Les soins palliatifs au quotidien<\/a><\/li>\n\n\n\n<li class=\"has-medium-font-size\">N\u00b070 &#8211; <a href=\"https:\/\/afmg.online\/wp-content\/uploads\/2025\/11\/AFMG-70.pdf\" data-type=\"attachment\" data-id=\"98\">La relation th\u00e9rapeutique face aux croyances<\/a><\/li>\n\n\n\n<li class=\"has-medium-font-size\">N\u00b071 &#8211; <a href=\"https:\/\/afmg.online\/wp-content\/uploads\/2025\/11\/AFMG-71.pdf\" data-type=\"attachment\" data-id=\"97\">Vertiges<\/a><\/li>\n\n\n\n<li class=\"has-medium-font-size\">N\u00b072 &#8211; <a href=\"https:\/\/afmg.online\/wp-content\/uploads\/2025\/11\/AFMG-72.pdf\" data-type=\"attachment\" data-id=\"96\">Mensonges, non-dits, omissions<\/a><\/li>\n\n\n\n<li class=\"has-medium-font-size\">N\u00b073 &#8211; <a href=\"https:\/\/afmg.online\/wp-content\/uploads\/2025\/11\/AFMG-73.pdf\" data-type=\"attachment\" data-id=\"205\">Dyspn\u00e9e et plaintes d\u2019essoufflement<\/a><\/li>\n\n\n\n<li class=\"has-medium-font-size\">N\u00b074 &#8211; <a href=\"https:\/\/afmg.online\/wp-content\/uploads\/2025\/11\/AFMG-74.pdf\" data-type=\"attachment\" data-id=\"206\">Le tiers, aide ou obstacle<\/a><\/li>\n\n\n\n<li class=\"has-medium-font-size\">N\u00b075 &#8211; <a href=\"https:\/\/afmg.online\/wp-content\/uploads\/2025\/11\/AFMG-75.pdf\" data-type=\"attachment\" data-id=\"207\">Troubles de la sexualit\u00e9 f\u00e9minine<\/a><\/li>\n\n\n\n<li class=\"has-medium-font-size\">N\u00b076 &#8211; <a href=\"https:\/\/afmg.online\/wp-content\/uploads\/2025\/11\/AFMG-76.pdf\" data-type=\"attachment\" data-id=\"208\">Revendication<\/a><\/li>\n\n\n\n<li class=\"has-medium-font-size\">N\u00b077 &#8211; <a href=\"https:\/\/afmg.online\/wp-content\/uploads\/2025\/11\/AFMG-77.pdf\" data-type=\"attachment\" data-id=\"394\">Douleurs inexpliqu\u00e9es<\/a><\/li>\n\n\n\n<li class=\"has-medium-font-size\">N\u00b078 &#8211; <a href=\"https:\/\/afmg.online\/wp-content\/uploads\/2025\/11\/AFMG-78.pdf\" data-type=\"attachment\" data-id=\"395\">D\u00e9saccord(s)<\/a><\/li>\n\n\n\n<li class=\"has-medium-font-size\">N\u00b079 &#8211; <a href=\"https:\/\/afmg.online\/wp-content\/uploads\/2025\/11\/AFMG-79.pdf\" data-type=\"attachment\" data-id=\"393\">Bientraitance<\/a><\/li>\n<\/ul>\n\n\n\n<hr class=\"wp-block-separator has-alpha-channel-opacity\" style=\"margin-top:var(--wp--preset--spacing--60);margin-bottom:var(--wp--preset--spacing--60)\" id=\"liste-auteurs\"\/>\n","protected":false},"excerpt":{"rendered":"<p>L&rsquo;acc\u00e8s aux bulletins est prot\u00e9g\u00e9 par mot de passe &#8211; veuillez contacter l&rsquo;administrateur pour le demander. Les articles sont \u00e9galement regroup\u00e9s par auteur \/ autrice et sont accessibles via la [&hellip;]<\/p>\n","protected":false},"author":1,"featured_media":0,"parent":0,"menu_order":0,"comment_status":"closed","ping_status":"closed","template":"","meta":{"_EventAllDay":false,"_EventTimezone":"","_EventStartDate":"","_EventEndDate":"","_EventStartDateUTC":"","_EventEndDateUTC":"","_EventShowMap":false,"_EventShowMapLink":false,"_EventURL":"","_EventCost":"","_EventCostDescription":"","_EventCurrencySymbol":"","_EventCurrencyCode":"","_EventCurrencyPosition":"","_EventDateTimeSeparator":"","_EventTimeRangeSeparator":"","_EventOrganizerID":[],"_EventVenueID":[],"_OrganizerEmail":"","_OrganizerPhone":"","_OrganizerWebsite":"","_VenueAddress":"","_VenueCity":"","_VenueCountry":"","_VenueProvince":"","_VenueState":"","_VenueZip":"","_VenuePhone":"","_VenueURL":"","_VenueStateProvince":"","_VenueLat":"","_VenueLng":"","_VenueShowMap":false,"_VenueShowMapLink":false,"footnotes":""},"class_list":["post-194","page","type-page","status-publish","hentry"],"_links":{"self":[{"href":"https:\/\/afmg.online\/index.php\/wp-json\/wp\/v2\/pages\/194","targetHints":{"allow":["GET"]}}],"collection":[{"href":"https:\/\/afmg.online\/index.php\/wp-json\/wp\/v2\/pages"}],"about":[{"href":"https:\/\/afmg.online\/index.php\/wp-json\/wp\/v2\/types\/page"}],"author":[{"embeddable":true,"href":"https:\/\/afmg.online\/index.php\/wp-json\/wp\/v2\/users\/1"}],"replies":[{"embeddable":true,"href":"https:\/\/afmg.online\/index.php\/wp-json\/wp\/v2\/comments?post=194"}],"version-history":[{"count":67,"href":"https:\/\/afmg.online\/index.php\/wp-json\/wp\/v2\/pages\/194\/revisions"}],"predecessor-version":[{"id":2030,"href":"https:\/\/afmg.online\/index.php\/wp-json\/wp\/v2\/pages\/194\/revisions\/2030"}],"wp:attachment":[{"href":"https:\/\/afmg.online\/index.php\/wp-json\/wp\/v2\/media?parent=194"}],"curies":[{"name":"wp","href":"https:\/\/api.w.org\/{rel}","templated":true}]}}